{"id":6,"date":"2022-02-23T16:17:05","date_gmt":"2022-02-23T15:17:05","guid":{"rendered":"http:\/\/pracownia3d.com.pl\/?page_id=6"},"modified":"2023-09-28T12:40:59","modified_gmt":"2023-09-28T10:40:59","slug":"strona-glowna","status":"publish","type":"page","link":"https:\/\/pracownia3d.com.pl\/","title":{"rendered":"Strona g\u0142\u00f3wna"},"content":{"rendered":"\n<div class=\"wp-block-cover alignfull is-light\" style=\"min-height:700px;aspect-ratio:unset;\"><span aria-hidden=\"true\" class=\"wp-block-cover__background has-background-dim-0 has-background-dim\"><\/span><img loading=\"lazy\" decoding=\"async\" width=\"1920\" height=\"1280\" class=\"wp-block-cover__image-background wp-image-37\" alt=\"\" src=\"http:\/\/pracownia3d.com.pl\/wp-content\/uploads\/2022\/02\/printer-g57032a0d2_1920.png\" data-object-fit=\"cover\" srcset=\"https:\/\/pracownia3d.com.pl\/wp-content\/uploads\/2022\/02\/printer-g57032a0d2_1920.png 1920w, https:\/\/pracownia3d.com.pl\/wp-content\/uploads\/2022\/02\/printer-g57032a0d2_1920-300x200.png 300w, https:\/\/pracownia3d.com.pl\/wp-content\/uploads\/2022\/02\/printer-g57032a0d2_1920-1024x683.png 1024w, https:\/\/pracownia3d.com.pl\/wp-content\/uploads\/2022\/02\/printer-g57032a0d2_1920-768x512.png 768w, https:\/\/pracownia3d.com.pl\/wp-content\/uploads\/2022\/02\/printer-g57032a0d2_1920-1536x1024.png 1536w, https:\/\/pracownia3d.com.pl\/wp-content\/uploads\/2022\/02\/printer-g57032a0d2_1920-930x620.png 930w\" sizes=\"auto, (max-width: 1920px) 100vw, 1920px\" \/><div class=\"wp-block-cover__inner-container is-layout-flow wp-block-cover-is-layout-flow\">\n<div style=\"height:80px\" aria-hidden=\"true\" class=\"wp-block-spacer\"><\/div>\n\n\n\n<h2 class=\"wp-block-heading has-text-align-center has-neve-link-color-color has-text-color\">Rozwijamy Pomys\u0142y, Tworzymy Dla Ciebie: Pracownia 3d<\/h2>\n\n\n\n<h3 class=\"wp-block-heading has-text-align-center\">Oferujemy mi\u0119dzy innymi:<\/h3>\n\n\n\n<p class=\"has-text-align-center\"><strong>\u2022 wysokiej jako\u015bci wydruki 3d w technologii FDM<br>\u2022 wycinanie i grawerowanie laserem<br>\u2022 szkolenia dla firm i instytucji edukacyjnych<\/strong><\/p>\n\n\n\n<h3 class=\"wp-block-heading has-text-align-center\">Gotowi do Wsp\u00f3\u0142pracy?<\/h3>\n\n\n\n<p class=\"has-text-align-center\">Cieszymy si\u0119, \u017ce jeste\u015b zainteresowany naszymi us\u0142ugami w dziedzinie wycinania i grawerowania laserem oraz druku 3D. <br>Jeste\u015bmy gotowi rozpocz\u0105\u0107 nowy projekt razem z Tob\u0105!<\/p>\n\n\n\n<h3 class=\"wp-block-heading has-text-align-center\">Dlaczego Warto Wybra\u0107 Pracowni\u0119 3d?<\/h3>\n\n\n\n<p class=\"has-text-align-center\">\u2714\ufe0f Do\u015bwiadczenie i Pasja: Nasza ekipa to eksperci w dziedzinie technologii 3D, gotowi podj\u0105\u0107 si\u0119 najbardziej wymagaj\u0105cych wyzwa\u0144.<\/p>\n\n\n\n<p class=\"has-text-align-center\">\u2714\ufe0f Precyzja i Jako\u015b\u0107: Ka\u017cdy detal ma znaczenie. Nasze us\u0142ugi cechuje najwy\u017csza precyzja i jako\u015b\u0107 wykonania.<\/p>\n\n\n\n<p class=\"has-text-align-center\">\u2714\ufe0f Dostosowane Rozwi\u0105zania: Niezale\u017cnie od rodzaju projektu, dostosowujemy si\u0119 do Twoich potrzeb i cel\u00f3w.<\/p>\n\n\n\n<h3 class=\"wp-block-heading has-text-align-center\">Skontaktuj Si\u0119 Z Nami<\/h3>\n\n\n\n<p class=\"has-text-align-center\">Nie czekaj! Zach\u0119camy do kontaktu z nami ju\u017c dzi\u015b, aby\u015bmy mogli pozna\u0107 Twoje potrzeby i zacz\u0105\u0107 pracowa\u0107 nad Twoim projektem.<\/p>\n\n\n\n<h3 class=\"wp-block-heading has-text-align-center\">Razem Stworzymy Co\u015b Wyj\u0105tkowego<\/h3>\n\n\n\n<p class=\"has-text-align-center\">W Pracowni 3d wierzymy, \u017ce wsp\u00f3lna praca i kreatywno\u015b\u0107 prowadz\u0105 do wyj\u0105tkowych rezultat\u00f3w. Chcemy by\u0107 Twoim partnerem w realizacji projekt\u00f3w 3D, kt\u00f3re spe\u0142ni\u0105 Twoje oczekiwania.<\/p>\n\n\n\n<div class=\"wp-block-buttons is-content-justification-center is-layout-flex wp-container-core-buttons-is-layout-16018d1d wp-block-buttons-is-layout-flex\"><\/div>\n\n\n\n<div style=\"height:80px\" aria-hidden=\"true\" class=\"wp-block-spacer\"><\/div>\n\n\n\n<div style=\"height:80px\" aria-hidden=\"true\" class=\"wp-block-spacer\"><\/div>\n<\/div><\/div>\n\n\n\n<div style=\"height:100px\" aria-hidden=\"true\" class=\"wp-block-spacer\"><\/div>\n\n\n\n<div class=\"wp-block-columns is-layout-flex wp-container-core-columns-is-layout-9d6595d7 wp-block-columns-is-layout-flex\">\n<div class=\"wp-block-column is-layout-flow wp-block-column-is-layout-flow\"><div class=\"wp-block-image icon-style is-style-default\">\n<figure class=\"aligncenter is-resized\"><img loading=\"lazy\" decoding=\"async\" src=\"http:\/\/pracownia3d.com.pl\/wp-content\/themes\/neve\/assets\/img\/starter-content\/icon-03.svg\" alt=\"\" style=\"width:48px;height:48px\" width=\"48\" height=\"48\"\/><\/figure>\n<\/div>\n\n\n<h3 class=\"wp-block-heading has-text-align-center has-neve-text-color-color has-text-color\">Konkurencyjne ceny<\/h3>\n\n\n\n<p class=\"has-text-align-center\">Dbamy o jak najlepszy stosunek jako\u015bci do ceny naszych wydruk\u00f3w.<\/p>\n\n\n\n<div style=\"height:20px\" aria-hidden=\"true\" class=\"wp-block-spacer\"><\/div>\n<\/div>\n\n\n\n<div class=\"wp-block-column is-layout-flow wp-block-column-is-layout-flow\"><div class=\"wp-block-image icon-style is-style-default\">\n<figure class=\"aligncenter is-resized\"><img loading=\"lazy\" decoding=\"async\" src=\"http:\/\/pracownia3d.com.pl\/wp-content\/themes\/neve\/assets\/img\/starter-content\/icon-02.svg\" alt=\"\" style=\"width:48px;height:48px\" width=\"48\" height=\"48\"\/><\/figure>\n<\/div>\n\n\n<h3 class=\"wp-block-heading has-text-align-center has-neve-text-color-color has-text-color\">Wysoka jako\u015b\u0107<\/h3>\n\n\n\n<p class=\"has-text-align-center\">Dzi\u0119ki wykorzystaniu sprz\u0119tu i materia\u0142\u00f3w renomowanych firm nasze produkty cechuj\u0105 si\u0119 wysok\u0105 jako\u015bci\u0105 wykonania.<\/p>\n\n\n\n<div style=\"height:20px\" aria-hidden=\"true\" class=\"wp-block-spacer\"><\/div>\n<\/div>\n\n\n\n<div class=\"wp-block-column is-layout-flow wp-block-column-is-layout-flow\"><div class=\"wp-block-image icon-style is-style-default\">\n<figure class=\"aligncenter is-resized\"><img loading=\"lazy\" decoding=\"async\" src=\"http:\/\/pracownia3d.com.pl\/wp-content\/themes\/neve\/assets\/img\/starter-content\/icon-01.svg\" alt=\"\" style=\"width:48px;height:48px\" width=\"48\" height=\"48\"\/><\/figure>\n<\/div>\n\n\n<h3 class=\"wp-block-heading has-text-align-center has-neve-text-color-color has-text-color\">Szybka realizacja<\/h3>\n\n\n\n<p class=\"has-text-align-center\">Mamy mo\u017cliwo\u015b\u0107 przygotowania zam\u00f3wienia w kr\u00f3tkim czasie.<\/p>\n\n\n\n<div style=\"height:20px\" aria-hidden=\"true\" class=\"wp-block-spacer\"><\/div>\n<\/div>\n<\/div>\n\n\n\n<p><\/p>\n","protected":false},"excerpt":{"rendered":"<p>Konkurencyjne ceny Dbamy o jak najlepszy stosunek jako\u015bci do ceny naszych wydruk\u00f3w. Wysoka jako\u015b\u0107 Dzi\u0119ki wykorzystaniu sprz\u0119tu i materia\u0142\u00f3w renomowanych firm nasze produkty cechuj\u0105 si\u0119 wysok\u0105 jako\u015bci\u0105 wykonania. Szybka realizacja Mamy mo\u017cliwo\u015b\u0107 przygotowania zam\u00f3wienia w kr\u00f3tkim czasie.<\/p>\n","protected":false},"author":1,"featured_media":0,"parent":0,"menu_order":0,"comment_status":"closed","ping_status":"closed","template":"","meta":{"neve_meta_sidebar":"","neve_meta_container":"","neve_meta_enable_content_width":"on","neve_meta_content_width":100,"neve_meta_title_alignment":"","neve_meta_author_avatar":"","neve_post_elements_order":"","neve_meta_disable_header":"","neve_meta_disable_footer":"","neve_meta_disable_title":"on","footnotes":""},"class_list":["post-6","page","type-page","status-publish","hentry"],"jetpack_sharing_enabled":true,"_links":{"self":[{"href":"https:\/\/pracownia3d.com.pl\/index.php?rest_route=\/wp\/v2\/pages\/6","targetHints":{"allow":["GET"]}}],"collection":[{"href":"https:\/\/pracownia3d.com.pl\/index.php?rest_route=\/wp\/v2\/pages"}],"about":[{"href":"https:\/\/pracownia3d.com.pl\/index.php?rest_route=\/wp\/v2\/types\/page"}],"author":[{"embeddable":true,"href":"https:\/\/pracownia3d.com.pl\/index.php?rest_route=\/wp\/v2\/users\/1"}],"replies":[{"embeddable":true,"href":"https:\/\/pracownia3d.com.pl\/index.php?rest_route=%2Fwp%2Fv2%2Fcomments&post=6"}],"version-history":[{"count":30,"href":"https:\/\/pracownia3d.com.pl\/index.php?rest_route=\/wp\/v2\/pages\/6\/revisions"}],"predecessor-version":[{"id":125,"href":"https:\/\/pracownia3d.com.pl\/index.php?rest_route=\/wp\/v2\/pages\/6\/revisions\/125"}],"wp:attachment":[{"href":"https:\/\/pracownia3d.com.pl\/index.php?rest_route=%2Fwp%2Fv2%2Fmedia&parent=6"}],"curies":[{"name":"wp","href":"https:\/\/api.w.org\/{rel}","templated":true}]}}